{"id":4259,"date":"2022-08-23T15:06:44","date_gmt":"2022-08-23T18:06:44","guid":{"rendered":"https:\/\/www.distribuidoramimodospets.com.br\/loja\/?post_type=product&#038;p=4259"},"modified":"2024-08-09T10:56:07","modified_gmt":"2024-08-09T13:56:07","slug":"shampoo-antisseptico-e-bactericida-matacura","status":"publish","type":"product","link":"https:\/\/www.distribuidoramimodospets.com.br\/loja\/produto\/shampoo-antisseptico-e-bactericida-matacura\/","title":{"rendered":"Shampoo Antiss\u00e9ptico e Bacteric\u00edda Matacura 200 ML"},"content":{"rendered":"","protected":false},"excerpt":{"rendered":"<p>Desinfeta e protege a pele das bact\u00e9rias patog\u00eanicas;<\/p>\n<p>Auxilia no tratamento de doen\u00e7as da pele de origem bacteriana;<\/p>\n<p>Promove limpeza da pele e dos pelos;<\/p>\n<p>Efic\u00e1cia e seguran\u00e7a com o melhor custo-benef\u00edcio;<\/p>\n<p>&nbsp;<\/p>\n","protected":false},"featured_media":4260,"template":"","meta":[],"product_brand":[],"product_cat":[36,15],"product_tag":[],"class_list":{"0":"post-4259","1":"product","2":"type-product","3":"status-publish","4":"has-post-thumbnail","6":"product_cat-higiene","7":"product_cat-medicamentos","8":"entry","9":"has-media","11":"first","12":"outofstock","13":"sale","14":"shipping-taxable","15":"purchasable","16":"product-type-simple","17":"col","18":"wpex-woo-entry","19":"span_1_of_3 span_1_of_3_tl span_1_of_3_tp span_1_of_2_pl span_1_of_2_pp"},"_links":{"self":[{"href":"https:\/\/www.distribuidoramimodospets.com.br\/loja\/wp-json\/wp\/v2\/product\/4259","targetHints":{"allow":["GET"]}}],"collection":[{"href":"https:\/\/www.distribuidoramimodospets.com.br\/loja\/wp-json\/wp\/v2\/product"}],"about":[{"href":"https:\/\/www.distribuidoramimodospets.com.br\/loja\/wp-json\/wp\/v2\/types\/product"}],"wp:featuredmedia":[{"embeddable":true,"href":"https:\/\/www.distribuidoramimodospets.com.br\/loja\/wp-json\/wp\/v2\/media\/4260"}],"wp:attachment":[{"href":"https:\/\/www.distribuidoramimodospets.com.br\/loja\/wp-json\/wp\/v2\/media?parent=4259"}],"wp:term":[{"taxonomy":"product_brand","embeddable":true,"href":"https:\/\/www.distribuidoramimodospets.com.br\/loja\/wp-json\/wp\/v2\/product_brand?post=4259"},{"taxonomy":"product_cat","embeddable":true,"href":"https:\/\/www.distribuidoramimodospets.com.br\/loja\/wp-json\/wp\/v2\/product_cat?post=4259"},{"taxonomy":"product_tag","embeddable":true,"href":"https:\/\/www.distribuidoramimodospets.com.br\/loja\/wp-json\/wp\/v2\/product_tag?post=4259"}],"curies":[{"name":"wp","href":"https:\/\/api.w.org\/{rel}","templated":true}]}}