{"id":4246,"date":"2022-08-23T12:28:22","date_gmt":"2022-08-23T15:28:22","guid":{"rendered":"https:\/\/www.distribuidoramimodospets.com.br\/loja\/?post_type=product&#038;p=4246"},"modified":"2023-03-05T16:10:41","modified_gmt":"2023-03-05T19:10:41","slug":"shampoo-e-condicionador-anti-pulga-para-gatos","status":"publish","type":"product","link":"https:\/\/www.distribuidoramimodospets.com.br\/loja\/produto\/shampoo-e-condicionador-anti-pulga-para-gatos\/","title":{"rendered":"Shampoo e Condicionador Anti-Pulga para Gatos 200 ML"},"content":{"rendered":"","protected":false},"excerpt":{"rendered":"<p>Elimina pulgas que afetam os gatos;<\/p>\n<p>Efic\u00e1cia e seguran\u00e7a com o melhor custo-benef\u00edcio;<\/p>\n<p>Proporciona higiene da pele e condicionamento dos pelos;<\/p>\n<p>N\u00e3o \u00e9 indicado em gatos filhotes, prenhas e lactantes;<\/p>\n","protected":false},"featured_media":4247,"template":"","meta":[],"product_brand":[],"product_cat":[36,15],"product_tag":[],"class_list":{"0":"post-4246","1":"product","2":"type-product","3":"status-publish","4":"has-post-thumbnail","6":"product_cat-higiene","7":"product_cat-medicamentos","8":"entry","9":"has-media","11":"first","12":"outofstock","13":"shipping-taxable","14":"purchasable","15":"product-type-simple","16":"col","17":"wpex-woo-entry","18":"span_1_of_3 span_1_of_3_tl span_1_of_3_tp span_1_of_2_pl span_1_of_2_pp"},"_links":{"self":[{"href":"https:\/\/www.distribuidoramimodospets.com.br\/loja\/wp-json\/wp\/v2\/product\/4246","targetHints":{"allow":["GET"]}}],"collection":[{"href":"https:\/\/www.distribuidoramimodospets.com.br\/loja\/wp-json\/wp\/v2\/product"}],"about":[{"href":"https:\/\/www.distribuidoramimodospets.com.br\/loja\/wp-json\/wp\/v2\/types\/product"}],"wp:featuredmedia":[{"embeddable":true,"href":"https:\/\/www.distribuidoramimodospets.com.br\/loja\/wp-json\/wp\/v2\/media\/4247"}],"wp:attachment":[{"href":"https:\/\/www.distribuidoramimodospets.com.br\/loja\/wp-json\/wp\/v2\/media?parent=4246"}],"wp:term":[{"taxonomy":"product_brand","embeddable":true,"href":"https:\/\/www.distribuidoramimodospets.com.br\/loja\/wp-json\/wp\/v2\/product_brand?post=4246"},{"taxonomy":"product_cat","embeddable":true,"href":"https:\/\/www.distribuidoramimodospets.com.br\/loja\/wp-json\/wp\/v2\/product_cat?post=4246"},{"taxonomy":"product_tag","embeddable":true,"href":"https:\/\/www.distribuidoramimodospets.com.br\/loja\/wp-json\/wp\/v2\/product_tag?post=4246"}],"curies":[{"name":"wp","href":"https:\/\/api.w.org\/{rel}","templated":true}]}}