{"id":4244,"date":"2022-08-23T12:23:55","date_gmt":"2022-08-23T15:23:55","guid":{"rendered":"https:\/\/www.distribuidoramimodospets.com.br\/loja\/?post_type=product&#038;p=4244"},"modified":"2023-12-22T15:44:43","modified_gmt":"2023-12-22T18:44:43","slug":"shampoo-antisseptico-e-bactericida-cao-fiel","status":"publish","type":"product","link":"https:\/\/www.distribuidoramimodospets.com.br\/loja\/produto\/shampoo-antisseptico-e-bactericida-cao-fiel\/","title":{"rendered":"Shampoo Antiss\u00e9ptico e Bacteric\u00edda C\u00e3o Fiel 200 ML"},"content":{"rendered":"","protected":false},"excerpt":{"rendered":"<p>&#8211; Indicado para c\u00e3es e gatos;<br \/>\n&#8211; Deixa o pelo macio e levemente perfumado;<br \/>\n&#8211; A\u00e7\u00e3o antiss\u00e9ptica;<br \/>\n&#8211; Auxilia no tratamento das doen\u00e7as da pele;<br \/>\n&#8211; Dispon\u00edvel em embalagem de 200ml.<\/p>\n","protected":false},"featured_media":4245,"template":"","meta":[],"product_brand":[],"product_cat":[36,15],"product_tag":[],"class_list":{"0":"post-4244","1":"product","2":"type-product","3":"status-publish","4":"has-post-thumbnail","6":"product_cat-higiene","7":"product_cat-medicamentos","8":"entry","9":"has-media","11":"first","12":"outofstock","13":"shipping-taxable","14":"purchasable","15":"product-type-simple","16":"col","17":"wpex-woo-entry","18":"span_1_of_3 span_1_of_3_tl span_1_of_3_tp span_1_of_2_pl span_1_of_2_pp"},"_links":{"self":[{"href":"https:\/\/www.distribuidoramimodospets.com.br\/loja\/wp-json\/wp\/v2\/product\/4244","targetHints":{"allow":["GET"]}}],"collection":[{"href":"https:\/\/www.distribuidoramimodospets.com.br\/loja\/wp-json\/wp\/v2\/product"}],"about":[{"href":"https:\/\/www.distribuidoramimodospets.com.br\/loja\/wp-json\/wp\/v2\/types\/product"}],"wp:featuredmedia":[{"embeddable":true,"href":"https:\/\/www.distribuidoramimodospets.com.br\/loja\/wp-json\/wp\/v2\/media\/4245"}],"wp:attachment":[{"href":"https:\/\/www.distribuidoramimodospets.com.br\/loja\/wp-json\/wp\/v2\/media?parent=4244"}],"wp:term":[{"taxonomy":"product_brand","embeddable":true,"href":"https:\/\/www.distribuidoramimodospets.com.br\/loja\/wp-json\/wp\/v2\/product_brand?post=4244"},{"taxonomy":"product_cat","embeddable":true,"href":"https:\/\/www.distribuidoramimodospets.com.br\/loja\/wp-json\/wp\/v2\/product_cat?post=4244"},{"taxonomy":"product_tag","embeddable":true,"href":"https:\/\/www.distribuidoramimodospets.com.br\/loja\/wp-json\/wp\/v2\/product_tag?post=4244"}],"curies":[{"name":"wp","href":"https:\/\/api.w.org\/{rel}","templated":true}]}}