{"id":3183,"date":"2021-09-23T14:35:05","date_gmt":"2021-09-23T17:35:05","guid":{"rendered":"https:\/\/www.distribuidoramimodospets.com.br\/loja\/?post_type=product&#038;p=3183"},"modified":"2023-08-31T10:57:41","modified_gmt":"2023-08-31T13:57:41","slug":"play-ball-com-suporte","status":"publish","type":"product","link":"https:\/\/www.distribuidoramimodospets.com.br\/loja\/produto\/play-ball-com-suporte\/","title":{"rendered":"PLAY BALL COM SUPORTE"},"content":{"rendered":"","protected":false},"excerpt":{"rendered":"<div class=\"css-1dbjc4n r-1oszu61 r-1ha4jm4 r-1niwhzg r-ndvcnb r-42olwf r-gxnn5r r-17gur6a r-fnigne r-13yce4e r-15o5oer r-13awgt0 r-eqz5dr r-16l9doz r-1h0z5md r-14a9v6n r-crgep1 r-11wrixw r-61z16t r-dnmrzs r-ifefl9 r-bcqeeo r-bztko3 r-t60dpp r-12ijkx4 r-n0puxl r-iyfy8q\" aria-label=\"\" data-testid=\"\">\n<div class=\"css-1dbjc4n r-1oszu61 r-1ha4jm4 r-1niwhzg r-ndvcnb r-42olwf r-gxnn5r r-17gur6a r-fnigne r-13yce4e r-15o5oer r-13awgt0 r-eqz5dr r-16l9doz r-1h0z5md r-14a9v6n r-crgep1 r-11wrixw r-61z16t r-dnmrzs r-ifefl9 r-bcqeeo r-bztko3 r-t60dpp r-12ijkx4 r-n0puxl r-iyfy8q\" aria-label=\"\" data-testid=\"\">\n<div class=\"css-1dbjc4n r-1oszu61 r-1ha4jm4 r-1niwhzg r-ndvcnb r-42olwf r-gxnn5r r-17gur6a r-fnigne r-13yce4e r-15o5oer r-13awgt0 r-eqz5dr r-16l9doz r-1h0z5md r-14a9v6n r-crgep1 r-11wrixw r-61z16t r-dnmrzs r-ifefl9 r-bcqeeo r-bztko3 r-t60dpp r-12ijkx4 r-n0puxl r-iyfy8q\" aria-label=\"\" data-testid=\"\">\n<div class=\"css-1dbjc4n r-150rngu r-eqz5dr r-16y2uox r-1wbh5a2 r-11yh6sk r-1rnoaur r-1sncvnh\">\n<div class=\"css-1dbjc4n\">\n<div class=\"css-1dbjc4n r-1oszu61 r-1ha4jm4 r-1niwhzg r-ndvcnb r-42olwf r-gxnn5r r-17gur6a r-fnigne r-13yce4e r-15o5oer r-eqz5dr r-16l9doz r-1h0z5md r-14a9v6n r-crgep1 r-11wrixw r-61z16t r-dnmrzs r-ifefl9 r-bcqeeo r-bztko3 r-t60dpp r-12ijkx4 r-n0puxl r-iyfy8q\" aria-label=\"\" data-testid=\"\">\n<div class=\"css-901oao r-1at3fau r-deyg0r r-1b43r93 r-waer2z r-p1pxzi r-11wrixw r-61z16t r-1mnahxq r-1ez4vuq r-13wfysu\" dir=\"auto\">\n<p>Playball Muita divers\u00e3o para seu hamster, \u00e9 perfeita para seu peludinho passar um tempo se exercitando. &#8211; Com suporte; &#8211; Exerc\u00edcio com seguran\u00e7a; &#8211; Garante a divers\u00e3o. Especifica\u00e7\u00e3o &#8211; Material Pl\u00e1stico &#8211; Medidas aproximadas &#8211; Di\u00e2metro 10cm &#8211; Peso 0,114 &#8211; Indica\u00e7\u00e3o para roedores &#8211; NCM 3926.90.90 &#8211; EAN 7899209944047 Aten\u00e7\u00e3o Esse produto \u00e9 um entretenimento para seu pet e n\u00e3o um alimento.Produto para pet. Brinquedo\/acess\u00f3rio para animais dom\u00e9sticos. Produto n\u00e3o ing\u00e9rivel. Produto at\u00f3xico;Apropriar o brinquedo ou acess\u00f3rio ao tamanho, idade e temperamento do animal. N\u00e3o deixar brinquedo \/ acess\u00f3rio com o pet sem a supervis\u00e3o de um adulto; N\u00e3o permita que seu pet engula total ou partes do brinquedo\/ acess\u00f3rio; Manter fora do alcance de crian\u00e7as. Cont\u00e9m : 1 unidade Validade: Indeterminada Finalidade: Uso Animal<\/p>\n<\/div>\n<\/div>\n<\/div>\n<\/div>\n<\/div>\n<div class=\"css-1dbjc4n r-1loqt21 r-1otgn73 r-1i6wzkk r-lrvibr\" tabindex=\"0\">\n<div class=\"css-901oao r-h2ci2c r-deyg0r r-10x49cs r-majxgm r-1p6fy00 r-p1pxzi r-11wrixw r-61z16t r-1mnahxq r-1ez4vuq r-13wfysu\" dir=\"auto\">VER MAIS<\/div>\n<\/div>\n<\/div>\n<\/div>\n<div class=\"css-1dbjc4n r-1oszu61 r-1ha4jm4 r-1niwhzg r-ndvcnb r-42olwf r-gxnn5r r-17gur6a r-fnigne r-13yce4e r-15o5oer r-eqz5dr r-16l9doz r-1h0z5md r-14a9v6n r-crgep1 r-11wrixw r-61z16t r-dnmrzs r-ifefl9 r-bcqeeo r-bztko3 r-t60dpp r-12ijkx4 r-n0puxl r-iyfy8q\" aria-label=\"\" data-testid=\"\">\n<div class=\"css-1dbjc4n r-qn3fzs r-gy4na3 r-9aemit r-wk8lta\" aria-label=\"\" data-testid=\"\"><\/div>\n<\/div>\n","protected":false},"featured_media":3184,"template":"","meta":[],"product_brand":[],"product_cat":[44],"product_tag":[],"class_list":{"0":"post-3183","1":"product","2":"type-product","3":"status-publish","4":"has-post-thumbnail","6":"product_cat-roedores","7":"entry","8":"has-media","10":"first","11":"outofstock","12":"shipping-taxable","13":"purchasable","14":"product-type-simple","15":"col","16":"wpex-woo-entry","17":"span_1_of_3 span_1_of_3_tl span_1_of_3_tp span_1_of_2_pl span_1_of_2_pp"},"_links":{"self":[{"href":"https:\/\/www.distribuidoramimodospets.com.br\/loja\/wp-json\/wp\/v2\/product\/3183","targetHints":{"allow":["GET"]}}],"collection":[{"href":"https:\/\/www.distribuidoramimodospets.com.br\/loja\/wp-json\/wp\/v2\/product"}],"about":[{"href":"https:\/\/www.distribuidoramimodospets.com.br\/loja\/wp-json\/wp\/v2\/types\/product"}],"wp:featuredmedia":[{"embeddable":true,"href":"https:\/\/www.distribuidoramimodospets.com.br\/loja\/wp-json\/wp\/v2\/media\/3184"}],"wp:attachment":[{"href":"https:\/\/www.distribuidoramimodospets.com.br\/loja\/wp-json\/wp\/v2\/media?parent=3183"}],"wp:term":[{"taxonomy":"product_brand","embeddable":true,"href":"https:\/\/www.distribuidoramimodospets.com.br\/loja\/wp-json\/wp\/v2\/product_brand?post=3183"},{"taxonomy":"product_cat","embeddable":true,"href":"https:\/\/www.distribuidoramimodospets.com.br\/loja\/wp-json\/wp\/v2\/product_cat?post=3183"},{"taxonomy":"product_tag","embeddable":true,"href":"https:\/\/www.distribuidoramimodospets.com.br\/loja\/wp-json\/wp\/v2\/product_tag?post=3183"}],"curies":[{"name":"wp","href":"https:\/\/api.w.org\/{rel}","templated":true}]}}