{"id":235,"date":"2020-11-06T19:16:11","date_gmt":"2020-11-06T22:16:11","guid":{"rendered":"https:\/\/www.distribuidoramimodospets.com.br\/loja\/?post_type=product&#038;p=235"},"modified":"2025-08-20T14:02:02","modified_gmt":"2025-08-20T17:02:02","slug":"pelucia-leao","status":"publish","type":"product","link":"https:\/\/www.distribuidoramimodospets.com.br\/loja\/produto\/pelucia-leao\/","title":{"rendered":"Pel\u00facia Le\u00e3o"},"content":{"rendered":"","protected":false},"excerpt":{"rendered":"<p>Brinquedo para c\u00e3es em pel\u00facia para a distra\u00e7\u00e3o e divertimento do seu pet. A linha de brinquedos mais divertida que existe! Os brinquedos da Linha Dog&#8217;s Toy foram desenvolvidas para proporcionar divers\u00e3o, distra\u00e7\u00e3o e intera\u00e7\u00e3o para seu pet brincar quando estiver sozinho ou com voc\u00ea. Lembre-se, quando ficam sozinhos em casa, eles arranham e mastigam quase tudo que encontram pela frente. Por isso, tenha sempre um brinquedo para seu pet se distrair nos momentos de solid\u00e3o. Medidas: 20 cm Emite som!<\/p>\n","protected":false},"featured_media":223,"template":"","meta":[],"product_brand":[],"product_cat":[29],"product_tag":[],"class_list":{"0":"post-235","1":"product","2":"type-product","3":"status-publish","4":"has-post-thumbnail","6":"product_cat-roupas-cirurgicas","7":"entry","8":"has-media","10":"first","11":"outofstock","12":"shipping-taxable","13":"purchasable","14":"product-type-simple","15":"col","16":"wpex-woo-entry","17":"span_1_of_3 span_1_of_3_tl span_1_of_3_tp span_1_of_2_pl span_1_of_2_pp"},"_links":{"self":[{"href":"https:\/\/www.distribuidoramimodospets.com.br\/loja\/wp-json\/wp\/v2\/product\/235","targetHints":{"allow":["GET"]}}],"collection":[{"href":"https:\/\/www.distribuidoramimodospets.com.br\/loja\/wp-json\/wp\/v2\/product"}],"about":[{"href":"https:\/\/www.distribuidoramimodospets.com.br\/loja\/wp-json\/wp\/v2\/types\/product"}],"wp:featuredmedia":[{"embeddable":true,"href":"https:\/\/www.distribuidoramimodospets.com.br\/loja\/wp-json\/wp\/v2\/media\/223"}],"wp:attachment":[{"href":"https:\/\/www.distribuidoramimodospets.com.br\/loja\/wp-json\/wp\/v2\/media?parent=235"}],"wp:term":[{"taxonomy":"product_brand","embeddable":true,"href":"https:\/\/www.distribuidoramimodospets.com.br\/loja\/wp-json\/wp\/v2\/product_brand?post=235"},{"taxonomy":"product_cat","embeddable":true,"href":"https:\/\/www.distribuidoramimodospets.com.br\/loja\/wp-json\/wp\/v2\/product_cat?post=235"},{"taxonomy":"product_tag","embeddable":true,"href":"https:\/\/www.distribuidoramimodospets.com.br\/loja\/wp-json\/wp\/v2\/product_tag?post=235"}],"curies":[{"name":"wp","href":"https:\/\/api.w.org\/{rel}","templated":true}]}}