{"id":2306,"date":"2021-01-27T13:47:45","date_gmt":"2021-01-27T16:47:45","guid":{"rendered":"https:\/\/www.distribuidoramimodospets.com.br\/loja\/?post_type=product&#038;p=2306"},"modified":"2026-02-06T09:50:49","modified_gmt":"2026-02-06T12:50:49","slug":"dog-guia-peitoral-refletico","status":"publish","type":"product","link":"https:\/\/www.distribuidoramimodospets.com.br\/loja\/produto\/dog-guia-peitoral-refletico\/","title":{"rendered":"DOG GUIA PEITORAL REFLETIVO"},"content":{"rendered":"","protected":false},"excerpt":{"rendered":"<p><strong>Dog Guia Peitoral Refletiva Night \u00e9 a guia ideal para o uso noturno.<\/strong><\/p>\n<p><strong>Dispon\u00edvel em diversas cores, sempre com linhas refletivas para melhor visualiza\u00e7\u00e3o. A guia mede 1,20 m e\u00a0 o peitoral possui 3 tamanhos: P 20-30Cm com 1,5cm largura, M\u00a028-38Cm com 2cm largura, G 41-63Cm com 2,5cm largura\u00a0.<\/strong><\/p>\n<p><strong>Basta vestir o peitoral no seu c\u00e3o, ajustar os fechos, e prender guia.<\/strong><\/p>\n<p><strong>Fa\u00e7a um bom passeio com seu Bom Amigo, mesmo \u00e0 noite.<\/strong><\/p>\n","protected":false},"featured_media":2307,"template":"","meta":[],"product_brand":[],"product_cat":[41],"product_tag":[],"class_list":{"0":"post-2306","1":"product","2":"type-product","3":"status-publish","4":"has-post-thumbnail","6":"product_cat-guia-peitoral-caes","7":"entry","8":"has-media","10":"first","11":"instock","12":"featured","13":"shipping-taxable","14":"purchasable","15":"product-type-variable","16":"col","17":"wpex-woo-entry","18":"span_1_of_3 span_1_of_3_tl span_1_of_3_tp span_1_of_2_pl span_1_of_2_pp"},"_links":{"self":[{"href":"https:\/\/www.distribuidoramimodospets.com.br\/loja\/wp-json\/wp\/v2\/product\/2306","targetHints":{"allow":["GET"]}}],"collection":[{"href":"https:\/\/www.distribuidoramimodospets.com.br\/loja\/wp-json\/wp\/v2\/product"}],"about":[{"href":"https:\/\/www.distribuidoramimodospets.com.br\/loja\/wp-json\/wp\/v2\/types\/product"}],"wp:featuredmedia":[{"embeddable":true,"href":"https:\/\/www.distribuidoramimodospets.com.br\/loja\/wp-json\/wp\/v2\/media\/2307"}],"wp:attachment":[{"href":"https:\/\/www.distribuidoramimodospets.com.br\/loja\/wp-json\/wp\/v2\/media?parent=2306"}],"wp:term":[{"taxonomy":"product_brand","embeddable":true,"href":"https:\/\/www.distribuidoramimodospets.com.br\/loja\/wp-json\/wp\/v2\/product_brand?post=2306"},{"taxonomy":"product_cat","embeddable":true,"href":"https:\/\/www.distribuidoramimodospets.com.br\/loja\/wp-json\/wp\/v2\/product_cat?post=2306"},{"taxonomy":"product_tag","embeddable":true,"href":"https:\/\/www.distribuidoramimodospets.com.br\/loja\/wp-json\/wp\/v2\/product_tag?post=2306"}],"curies":[{"name":"wp","href":"https:\/\/api.w.org\/{rel}","templated":true}]}}