{"id":2161,"date":"2021-01-24T14:18:21","date_gmt":"2021-01-24T17:18:21","guid":{"rendered":"https:\/\/www.distribuidoramimodospets.com.br\/loja\/?post_type=product&#038;p=2161"},"modified":"2026-04-22T10:03:24","modified_gmt":"2026-04-22T13:03:24","slug":"dog-guia-peitoral-super","status":"publish","type":"product","link":"https:\/\/www.distribuidoramimodospets.com.br\/loja\/produto\/dog-guia-peitoral-super\/","title":{"rendered":"DOG GUIA PEITORAL SUPER"},"content":{"rendered":"","protected":false},"excerpt":{"rendered":"<p>O kit cont\u00e9m uma guia de 1,20 m por 4 cm de espessura &#8211; 94cm circunf., e um Peitoral regul\u00e1vel nas medidas t\u00f3rax 90\/110 e peito 80\/100, ambos refor\u00e7ados e prontos para segurar seu c\u00e3o de grande porte.<\/p>\n<p>Em cores sortidas.\u00a0Material sint\u00e9tico.<\/p>\n","protected":false},"featured_media":2166,"template":"","meta":[],"product_brand":[],"product_cat":[41],"product_tag":[],"class_list":{"0":"post-2161","1":"product","2":"type-product","3":"status-publish","4":"has-post-thumbnail","6":"product_cat-guia-peitoral-caes","7":"entry","8":"has-media","10":"first","11":"outofstock","12":"shipping-taxable","13":"purchasable","14":"product-type-simple","15":"col","16":"wpex-woo-entry","17":"span_1_of_3 span_1_of_3_tl span_1_of_3_tp span_1_of_2_pl span_1_of_2_pp"},"_links":{"self":[{"href":"https:\/\/www.distribuidoramimodospets.com.br\/loja\/wp-json\/wp\/v2\/product\/2161","targetHints":{"allow":["GET"]}}],"collection":[{"href":"https:\/\/www.distribuidoramimodospets.com.br\/loja\/wp-json\/wp\/v2\/product"}],"about":[{"href":"https:\/\/www.distribuidoramimodospets.com.br\/loja\/wp-json\/wp\/v2\/types\/product"}],"wp:featuredmedia":[{"embeddable":true,"href":"https:\/\/www.distribuidoramimodospets.com.br\/loja\/wp-json\/wp\/v2\/media\/2166"}],"wp:attachment":[{"href":"https:\/\/www.distribuidoramimodospets.com.br\/loja\/wp-json\/wp\/v2\/media?parent=2161"}],"wp:term":[{"taxonomy":"product_brand","embeddable":true,"href":"https:\/\/www.distribuidoramimodospets.com.br\/loja\/wp-json\/wp\/v2\/product_brand?post=2161"},{"taxonomy":"product_cat","embeddable":true,"href":"https:\/\/www.distribuidoramimodospets.com.br\/loja\/wp-json\/wp\/v2\/product_cat?post=2161"},{"taxonomy":"product_tag","embeddable":true,"href":"https:\/\/www.distribuidoramimodospets.com.br\/loja\/wp-json\/wp\/v2\/product_tag?post=2161"}],"curies":[{"name":"wp","href":"https:\/\/api.w.org\/{rel}","templated":true}]}}