{"id":199,"date":"2020-11-06T18:55:26","date_gmt":"2020-11-06T21:55:26","guid":{"rendered":"https:\/\/www.distribuidoramimodospets.com.br\/loja\/?post_type=product&#038;p=199"},"modified":"2023-02-27T12:02:25","modified_gmt":"2023-02-27T15:02:25","slug":"bifinho-manjericao-espinafre-acafrao-60g","status":"publish","type":"product","link":"https:\/\/www.distribuidoramimodospets.com.br\/loja\/produto\/bifinho-manjericao-espinafre-acafrao-60g\/","title":{"rendered":"Bifinho Manjeric\u00e3o, Espinafre, A\u00e7afr\u00e3o 60g"},"content":{"rendered":"","protected":false},"excerpt":{"rendered":"<p>Nosso petisco \u00e9 perfeito para auxiliar as articula\u00e7\u00f5es e ossos, deixando tamb\u00e9m os pelos mais saud\u00e1veis. &#8211; 35% de prote\u00edna. &#8211; Ervas naturais desidratas. &#8211; Sem corantes artificiais. &#8211; Livre de transg\u00eanicos. &#8211; Zero gordura trans. &#8211; Rico em fibras. &#8211; Repleto de vitaminas. \u00c9 uma explos\u00e3o de sabor e benef\u00edcios para todas as ra\u00e7as e idades de c\u00e3es. Sabor: Carne, Manjeric\u00e3o, Espinafre e A\u00e7afr\u00e3o. Mini (at\u00e9 4kg) Pequeno (4 \u00e0 10kg) M\u00e9dio (10 \u00e0 20kg) Grande (a partir de 20kg)<\/p>\n","protected":false},"featured_media":185,"template":"","meta":[],"product_brand":[],"product_cat":[30],"product_tag":[],"class_list":{"0":"post-199","1":"product","2":"type-product","3":"status-publish","4":"has-post-thumbnail","6":"product_cat-petiscos","7":"entry","8":"has-media","10":"first","11":"outofstock","12":"shipping-taxable","13":"purchasable","14":"product-type-simple","15":"col","16":"wpex-woo-entry","17":"span_1_of_3 span_1_of_3_tl span_1_of_3_tp span_1_of_2_pl span_1_of_2_pp"},"_links":{"self":[{"href":"https:\/\/www.distribuidoramimodospets.com.br\/loja\/wp-json\/wp\/v2\/product\/199","targetHints":{"allow":["GET"]}}],"collection":[{"href":"https:\/\/www.distribuidoramimodospets.com.br\/loja\/wp-json\/wp\/v2\/product"}],"about":[{"href":"https:\/\/www.distribuidoramimodospets.com.br\/loja\/wp-json\/wp\/v2\/types\/product"}],"wp:featuredmedia":[{"embeddable":true,"href":"https:\/\/www.distribuidoramimodospets.com.br\/loja\/wp-json\/wp\/v2\/media\/185"}],"wp:attachment":[{"href":"https:\/\/www.distribuidoramimodospets.com.br\/loja\/wp-json\/wp\/v2\/media?parent=199"}],"wp:term":[{"taxonomy":"product_brand","embeddable":true,"href":"https:\/\/www.distribuidoramimodospets.com.br\/loja\/wp-json\/wp\/v2\/product_brand?post=199"},{"taxonomy":"product_cat","embeddable":true,"href":"https:\/\/www.distribuidoramimodospets.com.br\/loja\/wp-json\/wp\/v2\/product_cat?post=199"},{"taxonomy":"product_tag","embeddable":true,"href":"https:\/\/www.distribuidoramimodospets.com.br\/loja\/wp-json\/wp\/v2\/product_tag?post=199"}],"curies":[{"name":"wp","href":"https:\/\/api.w.org\/{rel}","templated":true}]}}