{"id":197,"date":"2020-11-06T18:52:36","date_gmt":"2020-11-06T21:52:36","guid":{"rendered":"https:\/\/www.distribuidoramimodospets.com.br\/loja\/?post_type=product&#038;p=197"},"modified":"2022-12-21T15:05:24","modified_gmt":"2022-12-21T18:05:24","slug":"bifinho-macacravocanela-60g","status":"publish","type":"product","link":"https:\/\/www.distribuidoramimodospets.com.br\/loja\/produto\/bifinho-macacravocanela-60g\/","title":{"rendered":"Bifinho Ma\u00e7\u00e3,Cravo,Canela 60g"},"content":{"rendered":"","protected":false},"excerpt":{"rendered":"<p>Nosso petisco \u00e9 ideal para ajudar no complexo antioxidante do seu c\u00e3o. \u2013 35% de prote\u00edna. \u2013 Ervas naturais desidratas. \u2013 Sem corantes artificiais. \u2013 Livre de transg\u00eanicos. \u2013 Zero gordura trans. \u2013 Rico em fibras. \u2013 Repleto de vitaminas. \u00c9 uma explos\u00e3o de sabor e benef\u00edcios para todas as ra\u00e7as e idades de c\u00e3es. Sabor: Frango, Cenoura, Alecrim e S\u00e1lvia. Mini (at\u00e9 4kg) Pequeno (4 \u00e0 10kg) M\u00e9dio (10 \u00e0 20kg) Grande (a partir de 20kg)<\/p>\n","protected":false},"featured_media":184,"template":"","meta":[],"product_brand":[],"product_cat":[30],"product_tag":[],"class_list":{"0":"post-197","1":"product","2":"type-product","3":"status-publish","4":"has-post-thumbnail","6":"product_cat-petiscos","7":"entry","8":"has-media","10":"first","11":"outofstock","12":"shipping-taxable","13":"purchasable","14":"product-type-simple","15":"col","16":"wpex-woo-entry","17":"span_1_of_3 span_1_of_3_tl span_1_of_3_tp span_1_of_2_pl span_1_of_2_pp"},"_links":{"self":[{"href":"https:\/\/www.distribuidoramimodospets.com.br\/loja\/wp-json\/wp\/v2\/product\/197","targetHints":{"allow":["GET"]}}],"collection":[{"href":"https:\/\/www.distribuidoramimodospets.com.br\/loja\/wp-json\/wp\/v2\/product"}],"about":[{"href":"https:\/\/www.distribuidoramimodospets.com.br\/loja\/wp-json\/wp\/v2\/types\/product"}],"wp:featuredmedia":[{"embeddable":true,"href":"https:\/\/www.distribuidoramimodospets.com.br\/loja\/wp-json\/wp\/v2\/media\/184"}],"wp:attachment":[{"href":"https:\/\/www.distribuidoramimodospets.com.br\/loja\/wp-json\/wp\/v2\/media?parent=197"}],"wp:term":[{"taxonomy":"product_brand","embeddable":true,"href":"https:\/\/www.distribuidoramimodospets.com.br\/loja\/wp-json\/wp\/v2\/product_brand?post=197"},{"taxonomy":"product_cat","embeddable":true,"href":"https:\/\/www.distribuidoramimodospets.com.br\/loja\/wp-json\/wp\/v2\/product_cat?post=197"},{"taxonomy":"product_tag","embeddable":true,"href":"https:\/\/www.distribuidoramimodospets.com.br\/loja\/wp-json\/wp\/v2\/product_tag?post=197"}],"curies":[{"name":"wp","href":"https:\/\/api.w.org\/{rel}","templated":true}]}}