{"id":18,"date":"2020-10-21T00:23:02","date_gmt":"2020-10-21T03:23:02","guid":{"rendered":"https:\/\/todreamstore.com.br\/loja\/?page_id=18"},"modified":"2020-11-17T18:11:29","modified_gmt":"2020-11-17T21:11:29","slug":"home","status":"publish","type":"page","link":"https:\/\/www.distribuidoramimodospets.com.br\/loja\/home\/","title":{"rendered":"Home"},"content":{"rendered":"<div class=\"wpb-content-wrapper\">[vc_row full_width=&#8221;stretch_row_content_no_spaces&#8221; content_placement=&#8221;top&#8221; equal_height=&#8221;yes&#8221; remove_bottom_col_margin=&#8221;true&#8221; css=&#8221;.vc_custom_1604454624017{padding-top: 0px !important;padding-right: 0px !important;padding-bottom: 0px !important;padding-left: 0px !important;background-color: #e4ddd7 !important;}&#8221;][vc_column]<div class=\"wpex-slider-preloaderimg\"><img loading=\"lazy\" decoding=\"async\" data-no-lazy=\"1\" class=\"skip-lazy\" src=\"https:\/\/www.distribuidoramimodospets.com.br\/loja\/wp-content\/uploads\/2020\/11\/banner.png\" alt=\"\" width=\"1980\" height=\"450\" \/><\/div><div class=\"vcex-module wpex-slider slider-pro vcex-image-slider wpex-clr\" data-auto-play-delay=\"5000\" data-buttons=\"false\" data-animation-speed=\"600\" data-height-animation-duration=\"500\" data-thumbnail-height=\"70\" data-thumbnail-width=\"70\"><div class=\"wpex-slider-slides sp-slides\"><div class=\"wpex-slider-slide sp-slide\"><div class=\"wpex-slider-media\"><img loading=\"lazy\" decoding=\"async\" data-no-lazy=\"1\" class=\"skip-lazy\" src=\"https:\/\/www.distribuidoramimodospets.com.br\/loja\/wp-content\/uploads\/2020\/11\/banner.png\" alt=\"\" width=\"1980\" height=\"450\" \/><\/div><\/div><\/div><\/div>[\/vc_column][\/vc_row][vc_row][vc_column][vc_custom_heading text=&#8221;Produtos em <strong>Destaque<\/strong>&#8221; font_container=&#8221;tag:h2|font_size:37px|text_align:center|color:%23000000|line_height:42px&#8221; google_fonts=&#8221;font_family:Roboto%3A100%2C100italic%2C300%2C300italic%2Cregular%2Citalic%2C500%2C500italic%2C700%2C700italic%2C900%2C900italic|font_style:400%20regular%3A400%3Anormal&#8221; css=&#8221;.vc_custom_1604454648845{margin-top: 25px !important;margin-bottom: 25px !important;}&#8221;]<div class=\"woocommerce columns-4 \">\n\t<ul class=\"products wpex-row wpex-clr match-height-grid gap-30\">\n\n<li class=\"entry has-media col wpex-woo-entry span_1_of_4 product type-product post-1879 status-publish first instock product_cat-comedouros-e-bebedouros has-post-thumbnail featured shipping-taxable purchasable product-type-variable\">\n\t<div class=\"product-inner wpex-clr\"><div class=\"wpex-loop-product-images\"><a href=\"https:\/\/www.distribuidoramimodospets.com.br\/loja\/produto\/comed-e-bebed-tradicional\/\" class=\"woocommerce-LoopProduct-link woocommerce-loop-product__link\"><img decoding=\"async\" loading=\"lazy\" class=\"woo-entry-image-main wp-post-image\" alt=\"Comed E Bebed Tradicional\" src=\"https:\/\/www.distribuidoramimodospets.com.br\/loja\/wp-content\/uploads\/2021\/01\/lfyfWxbQ1wRkhuNBULZYw35rvsG2_thumb_280_e62cfb68-8230-4aa0-b5e0-928312a34ec1.jpg\" width=\"336\" height=\"280\" \/><\/a><\/div><div class=\"product-details match-height-content\"><a href=\"https:\/\/www.distribuidoramimodospets.com.br\/loja\/produto\/comed-e-bebed-tradicional\/\"><h2 class=\"woocommerce-loop-product__title\">Comed e bebed tradicional<\/h2><\/a>\n<\/div><a href=\"https:\/\/www.distribuidoramimodospets.com.br\/loja\/produto\/comed-e-bebed-tradicional\/\" aria-describedby=\"woocommerce_loop_add_to_cart_link_describedby_1879\" data-quantity=\"1\" class=\"button product_type_variable add_to_cart_button\" data-product_id=\"1879\" data-product_sku=\"\" aria-label=\"Selecione as op\u00e7\u00f5es para &ldquo;Comed e bebed tradicional&rdquo;\" rel=\"nofollow\">Ver op\u00e7\u00f5es<\/a>\t<span id=\"woocommerce_loop_add_to_cart_link_describedby_1879\" class=\"screen-reader-text\">\n\t\tEste produto tem v\u00e1rias variantes. As op\u00e7\u00f5es podem ser escolhidas na p\u00e1gina do produto\t<\/span>\n<\/div><\/li>\n<li class=\"entry has-media col wpex-woo-entry span_1_of_4 product type-product post-2306 status-publish instock product_cat-guia-peitoral-caes has-post-thumbnail featured shipping-taxable purchasable product-type-variable\">\n\t<div class=\"product-inner wpex-clr\"><div class=\"wpex-loop-product-images\"><a href=\"https:\/\/www.distribuidoramimodospets.com.br\/loja\/produto\/dog-guia-peitoral-refletico\/\" class=\"woocommerce-LoopProduct-link woocommerce-loop-product__link\"><img decoding=\"async\" loading=\"lazy\" class=\"woo-entry-image-main wp-post-image\" alt=\"DOG GUIA PEITORAL REFLETIVO\" src=\"https:\/\/www.distribuidoramimodospets.com.br\/loja\/wp-content\/uploads\/2021\/01\/DXB-5.jpg\" width=\"300\" height=\"200\" \/><\/a><\/div><div class=\"product-details match-height-content\"><a href=\"https:\/\/www.distribuidoramimodospets.com.br\/loja\/produto\/dog-guia-peitoral-refletico\/\"><h2 class=\"woocommerce-loop-product__title\">DOG GUIA PEITORAL REFLETIVO<\/h2><\/a>\n<\/div><a href=\"https:\/\/www.distribuidoramimodospets.com.br\/loja\/produto\/dog-guia-peitoral-refletico\/\" aria-describedby=\"woocommerce_loop_add_to_cart_link_describedby_2306\" data-quantity=\"1\" class=\"button product_type_variable add_to_cart_button\" data-product_id=\"2306\" data-product_sku=\"\" aria-label=\"Selecione as op\u00e7\u00f5es para &ldquo;DOG GUIA PEITORAL REFLETIVO&rdquo;\" rel=\"nofollow\">Ver op\u00e7\u00f5es<\/a>\t<span id=\"woocommerce_loop_add_to_cart_link_describedby_2306\" class=\"screen-reader-text\">\n\t\tEste produto tem v\u00e1rias variantes. As op\u00e7\u00f5es podem ser escolhidas na p\u00e1gina do produto\t<\/span>\n<\/div><\/li>\n<li class=\"entry has-media col wpex-woo-entry span_1_of_4 product type-product post-560 status-publish instock product_cat-higiene has-post-thumbnail featured shipping-taxable purchasable product-type-variable\">\n\t<div class=\"product-inner wpex-clr\"><div class=\"wpex-loop-product-images\"><a href=\"https:\/\/www.distribuidoramimodospets.com.br\/loja\/produto\/shampoo-700ml\/\" class=\"woocommerce-LoopProduct-link woocommerce-loop-product__link\"><img decoding=\"async\" loading=\"lazy\" class=\"woo-entry-image-main wp-post-image\" alt=\"Shampoo 700ml\" src=\"https:\/\/www.distribuidoramimodospets.com.br\/loja\/wp-content\/uploads\/2020\/11\/Shampoo-2-em-1-\u2013-700ml.png\" width=\"400\" height=\"400\" \/><\/a><\/div><div class=\"product-details match-height-content\"><a href=\"https:\/\/www.distribuidoramimodospets.com.br\/loja\/produto\/shampoo-700ml\/\"><h2 class=\"woocommerce-loop-product__title\">Shampoo 700ml<\/h2><\/a>\n<\/div><a href=\"https:\/\/www.distribuidoramimodospets.com.br\/loja\/produto\/shampoo-700ml\/\" aria-describedby=\"woocommerce_loop_add_to_cart_link_describedby_560\" data-quantity=\"1\" class=\"button product_type_variable add_to_cart_button\" data-product_id=\"560\" data-product_sku=\"\" aria-label=\"Selecione as op\u00e7\u00f5es para &ldquo;Shampoo 700ml&rdquo;\" rel=\"nofollow\">Ver op\u00e7\u00f5es<\/a>\t<span id=\"woocommerce_loop_add_to_cart_link_describedby_560\" class=\"screen-reader-text\">\n\t\tEste produto tem v\u00e1rias variantes. As op\u00e7\u00f5es podem ser escolhidas na p\u00e1gina do produto\t<\/span>\n<\/div><\/li>\n<li class=\"entry has-media col wpex-woo-entry span_1_of_4 product type-product post-280 status-publish last instock product_cat-roupas-cirurgicas-2 has-post-thumbnail featured shipping-taxable purchasable product-type-variable\">\n\t<div class=\"product-inner wpex-clr\"><div class=\"wpex-loop-product-images\"><a href=\"https:\/\/www.distribuidoramimodospets.com.br\/loja\/produto\/roupa-cirurgica-regular\/\" class=\"woocommerce-LoopProduct-link woocommerce-loop-product__link\"><img decoding=\"async\" loading=\"lazy\" class=\"woo-entry-image-main wp-post-image\" alt=\"Roupa Cir\u00fargica Regular\" src=\"https:\/\/www.distribuidoramimodospets.com.br\/loja\/wp-content\/uploads\/2020\/11\/ROUPA-CIRURGICA-REGULAR.jpg\" width=\"336\" height=\"280\" \/><\/a><\/div><div class=\"product-details match-height-content\"><a href=\"https:\/\/www.distribuidoramimodospets.com.br\/loja\/produto\/roupa-cirurgica-regular\/\"><h2 class=\"woocommerce-loop-product__title\">Roupa Cir\u00fargica Regular<\/h2><\/a>\n<\/div><a href=\"https:\/\/www.distribuidoramimodospets.com.br\/loja\/produto\/roupa-cirurgica-regular\/\" aria-describedby=\"woocommerce_loop_add_to_cart_link_describedby_280\" data-quantity=\"1\" class=\"button product_type_variable add_to_cart_button\" data-product_id=\"280\" data-product_sku=\"\" aria-label=\"Selecione as op\u00e7\u00f5es para &ldquo;Roupa Cir\u00fargica Regular&rdquo;\" rel=\"nofollow\">Ver op\u00e7\u00f5es<\/a>\t<span id=\"woocommerce_loop_add_to_cart_link_describedby_280\" class=\"screen-reader-text\">\n\t\tEste produto tem v\u00e1rias variantes. As op\u00e7\u00f5es podem ser escolhidas na p\u00e1gina do produto\t<\/span>\n<\/div><\/li>\n<li class=\"entry has-media col wpex-woo-entry span_1_of_4 product type-product post-324 status-publish first instock product_cat-colar-focinheira has-post-thumbnail featured shipping-taxable purchasable product-type-variable\">\n\t<div class=\"product-inner wpex-clr\"><div class=\"wpex-loop-product-images\"><a href=\"https:\/\/www.distribuidoramimodospets.com.br\/loja\/produto\/colar-elizabetano\/\" class=\"woocommerce-LoopProduct-link woocommerce-loop-product__link\"><img decoding=\"async\" loading=\"lazy\" class=\"woo-entry-image-main wp-post-image\" alt=\"Colar Elizabetano\" src=\"https:\/\/www.distribuidoramimodospets.com.br\/loja\/wp-content\/uploads\/2020\/11\/Colar-Elizabetano.jpg\" width=\"303\" height=\"280\" \/><\/a><\/div><div class=\"product-details match-height-content\"><a href=\"https:\/\/www.distribuidoramimodospets.com.br\/loja\/produto\/colar-elizabetano\/\"><h2 class=\"woocommerce-loop-product__title\">Colar Elizabetano<\/h2><\/a>\n<\/div><a href=\"https:\/\/www.distribuidoramimodospets.com.br\/loja\/produto\/colar-elizabetano\/\" aria-describedby=\"woocommerce_loop_add_to_cart_link_describedby_324\" data-quantity=\"1\" class=\"button product_type_variable add_to_cart_button\" data-product_id=\"324\" data-product_sku=\"\" aria-label=\"Selecione as op\u00e7\u00f5es para &ldquo;Colar Elizabetano&rdquo;\" rel=\"nofollow\">Ver op\u00e7\u00f5es<\/a>\t<span id=\"woocommerce_loop_add_to_cart_link_describedby_324\" class=\"screen-reader-text\">\n\t\tEste produto tem v\u00e1rias variantes. As op\u00e7\u00f5es podem ser escolhidas na p\u00e1gina do produto\t<\/span>\n<\/div><\/li>\n<\/ul>\n<\/div>[\/vc_column][\/vc_row]\n<\/div>","protected":false},"excerpt":{"rendered":"<p>[vc_row full_width=&#8221;stretch_row_content_no_spaces&#8221; content_placement=&#8221;top&#8221; equal_height=&#8221;yes&#8221; remove_bottom_col_margin=&#8221;true&#8221; css=&#8221;.vc_custom_1604454624017{padding-top: 0px !important;padding-right: 0px !important;padding-bottom: 0px !important;padding-left: 0px !important;background-color: #e4ddd7 !important;}&#8221;][vc_column][\/vc_column][\/vc_row][vc_row][vc_column][vc_custom_heading text=&#8221;Produtos em Destaque&#8221; font_container=&#8221;tag:h2|font_size:37px|text_align:center|color:%23000000|line_height:42px&#8221; google_fonts=&#8221;font_family:Roboto%3A100%2C100italic%2C300%2C300italic%2Cregular%2Citalic%2C500%2C500italic%2C700%2C700italic%2C900%2C900italic|font_style:400%20regular%3A400%3Anormal&#8221; css=&#8221;.vc_custom_1604454648845{margin-top: 25px !important;margin-bottom: 25px !important;}&#8221;][\/vc_column][\/vc_row]<\/p>\n","protected":false},"author":1,"featured_media":0,"parent":0,"menu_order":0,"comment_status":"closed","ping_status":"closed","template":"","meta":{"footnotes":""},"class_list":["post-18","page","type-page","status-publish","hentry","entry","no-media"],"_links":{"self":[{"href":"https:\/\/www.distribuidoramimodospets.com.br\/loja\/wp-json\/wp\/v2\/pages\/18","targetHints":{"allow":["GET"]}}],"collection":[{"href":"https:\/\/www.distribuidoramimodospets.com.br\/loja\/wp-json\/wp\/v2\/pages"}],"about":[{"href":"https:\/\/www.distribuidoramimodospets.com.br\/loja\/wp-json\/wp\/v2\/types\/page"}],"author":[{"embeddable":true,"href":"https:\/\/www.distribuidoramimodospets.com.br\/loja\/wp-json\/wp\/v2\/users\/1"}],"replies":[{"embeddable":true,"href":"https:\/\/www.distribuidoramimodospets.com.br\/loja\/wp-json\/wp\/v2\/comments?post=18"}],"version-history":[{"count":14,"href":"https:\/\/www.distribuidoramimodospets.com.br\/loja\/wp-json\/wp\/v2\/pages\/18\/revisions"}],"predecessor-version":[{"id":849,"href":"https:\/\/www.distribuidoramimodospets.com.br\/loja\/wp-json\/wp\/v2\/pages\/18\/revisions\/849"}],"wp:attachment":[{"href":"https:\/\/www.distribuidoramimodospets.com.br\/loja\/wp-json\/wp\/v2\/media?parent=18"}],"curies":[{"name":"wp","href":"https:\/\/api.w.org\/{rel}","templated":true}]}}